{"id":82,"date":"2021-05-25T14:42:17","date_gmt":"2021-05-25T14:42:17","guid":{"rendered":"http:\/\/www.beindicate.pl\/home\/?page_id=82"},"modified":"2021-05-26T17:02:49","modified_gmt":"2021-05-26T17:02:49","slug":"korzysci","status":"publish","type":"page","link":"http:\/\/www.beindicate.pl\/home\/korzysci\/","title":{"rendered":"Korzy\u015bci"},"content":{"rendered":"\n<p><strong>Portal Grup Zakupowych to szereg korzy\u015bci, zar\u00f3wno do firmy do\u0142\u0105czaj\u0105cej do Grupy Zakupowej, jak i dla firmy wystawiaj\u0105cej sw\u00f3j produkt do sprzeda\u017cy na Portalu.<\/strong><\/p>\n\n\n\n<div style=\"height:50px\" aria-hidden=\"true\" class=\"wp-block-spacer\"><\/div>\n\n\n\n<hr class=\"wp-block-separator has-text-color has-background has-black-background-color has-black-color is-style-wide\"\/>\n\n\n\n<div style=\"height:50px\" aria-hidden=\"true\" class=\"wp-block-spacer\"><\/div>\n\n\n\n<div class=\"wp-block-group\"><div class=\"wp-block-group__inner-container is-layout-flow wp-block-group-is-layout-flow\">\n<div class=\"wp-block-columns is-layout-flex wp-container-core-columns-is-layout-9d6595d7 wp-block-columns-is-layout-flex\">\n<div class=\"wp-block-column is-layout-flow wp-block-column-is-layout-flow\">\n<div class=\"wp-block-image\"><figure class=\"aligncenter size-large is-resized\"><img loading=\"lazy\" decoding=\"async\" src=\"http:\/\/www.beindicate.pl\/home\/wp-content\/uploads\/2021\/05\/oszczednosci.png\" alt=\"\" class=\"wp-image-129\" width=\"110\" height=\"110\"\/><\/figure><\/div>\n\n\n\n<p class=\"has-text-align-center\"><strong>Oszcz\u0119dzasz<\/strong><br>\u2013 poprzez grupowe zam\u00f3wienie uzyskujesz ni\u017csz\u0105 cen\u0119, w stosunku do zam\u00f3wienia indywidualnego.<\/p>\n<\/div>\n\n\n\n<div class=\"wp-block-column is-layout-flow wp-block-column-is-layout-flow\">\n<div class=\"wp-block-image\"><figure class=\"aligncenter size-large is-resized\"><img loading=\"lazy\" decoding=\"async\" src=\"http:\/\/www.beindicate.pl\/home\/wp-content\/uploads\/2021\/05\/subskrypcja.png\" alt=\"\" class=\"wp-image-130\" width=\"106\" height=\"106\"\/><\/figure><\/div>\n\n\n\n<p class=\"has-text-align-center\"><strong>Wykupujesz abonament,<\/strong><br> kt\u00f3ry jest sta\u0142y na ca\u0142y okres trwania umowy.<\/p>\n<\/div>\n<\/div>\n<\/div><\/div>\n\n\n\n<div class=\"wp-block-columns is-layout-flex wp-container-core-columns-is-layout-9d6595d7 wp-block-columns-is-layout-flex\">\n<div class=\"wp-block-column is-layout-flow wp-block-column-is-layout-flow\">\n<div class=\"wp-block-image\"><figure class=\"aligncenter size-large\"><img loading=\"lazy\" decoding=\"async\" width=\"100\" height=\"100\" src=\"http:\/\/www.beindicate.pl\/home\/wp-content\/uploads\/2021\/05\/24-hours-1.png\" alt=\"\" class=\"wp-image-153\"\/><\/figure><\/div>\n\n\n\n<p class=\"has-text-align-center\">Masz <strong>natychmiastowy dost\u0119p przez 365\/7\/24<\/strong> z ka\u017cdego miejsca w jakim si\u0119 znajdujesz, z du\u017c\u0105 dost\u0119pno\u015bci\u0105, bez przerwy i mo\u017cliwo\u015bci\u0105 oferowania aplikacji globalnie.<\/p>\n<\/div>\n\n\n\n<div class=\"wp-block-column is-layout-flow wp-block-column-is-layout-flow\">\n<div class=\"wp-block-image\"><figure class=\"aligncenter size-large\"><img loading=\"lazy\" decoding=\"async\" width=\"100\" height=\"100\" src=\"http:\/\/www.beindicate.pl\/home\/wp-content\/uploads\/2021\/05\/cloud-computing.png\" alt=\"\" class=\"wp-image-151\"\/><\/figure><\/div>\n\n\n\n<p class=\"has-text-align-center\">Portal <strong>dost\u0119pny jest z chmury<\/strong>,<br>a to oznacza, \u017ce nie musisz ponosi\u0107 inwestycji w serwery, ani<br>w oprogramowanie \u2013 masz dost\u0119p przez swoj\u0105 standardow\u0105 przegl\u0105dark\u0119 www.<\/p>\n<\/div>\n<\/div>\n\n\n\n<div class=\"wp-block-columns is-layout-flex wp-container-core-columns-is-layout-9d6595d7 wp-block-columns-is-layout-flex\">\n<div class=\"wp-block-column is-layout-flow wp-block-column-is-layout-flow\">\n<div class=\"wp-block-columns is-layout-flex wp-container-core-columns-is-layout-9d6595d7 wp-block-columns-is-layout-flex\">\n<div class=\"wp-block-column is-layout-flow wp-block-column-is-layout-flow\">\n<div class=\"wp-block-image\"><figure class=\"aligncenter size-large\"><img loading=\"lazy\" decoding=\"async\" width=\"100\" height=\"100\" src=\"http:\/\/www.beindicate.pl\/home\/wp-content\/uploads\/2021\/05\/pc.png\" alt=\"\" class=\"wp-image-156\"\/><\/figure><\/div>\n\n\n\n<p class=\"has-text-align-center\">Portal to <strong>bardzo proste narz\u0119dzie<\/strong><br>w u\u017cytkowaniu, zapewniaj\u0105ce integracj\u0105<br>i pe\u0142n\u0105 kompatybilno\u015b\u0107 z systemami,<br>a zarz\u0105dzanie swoim kontem jest intuicyjne.<\/p>\n<\/div>\n\n\n\n<div class=\"wp-block-column is-layout-flow wp-block-column-is-layout-flow\">\n<div class=\"wp-block-image\"><figure class=\"aligncenter size-large\"><img loading=\"lazy\" decoding=\"async\" width=\"100\" height=\"100\" src=\"http:\/\/www.beindicate.pl\/home\/wp-content\/uploads\/2021\/05\/collaboration.png\" alt=\"\" class=\"wp-image-157\"\/><\/figure><\/div>\n\n\n\n<p class=\"has-text-align-center\">Z Portalu <strong>mog\u0105 korzysta\u0107 r\u00f3wnie\u017c firmy <\/strong><br><strong>w ramach Twojej sp\u00f3\u0142ki.<\/strong> To skalowalne rozwi\u0105zanie, kt\u00f3re mo\u017ce obs\u0142u\u017cy\u0107 tysi\u0105ce u\u017cytkownik\u00f3w.<\/p>\n<\/div>\n<\/div>\n<\/div>\n<\/div>\n\n\n\n<div class=\"wp-block-columns is-layout-flex wp-container-core-columns-is-layout-9d6595d7 wp-block-columns-is-layout-flex\">\n<div class=\"wp-block-column is-layout-flow wp-block-column-is-layout-flow\">\n<div class=\"wp-block-image\"><figure class=\"aligncenter size-large\"><img loading=\"lazy\" decoding=\"async\" width=\"100\" height=\"100\" src=\"http:\/\/www.beindicate.pl\/home\/wp-content\/uploads\/2021\/05\/settings.png\" alt=\"\" class=\"wp-image-158\"\/><\/figure><\/div>\n\n\n\n<p class=\"has-text-align-center\"><strong>Oszcz\u0119dzasz na kosztach wsparcia<\/strong><br>i serwisu, jako firma nie musisz utrzymywa\u0107 rozbudowanego dzia\u0142u IT czy korzysta\u0107 z zewn\u0119trznych us\u0142ug tego typu,<\/p>\n<\/div>\n\n\n\n<div class=\"wp-block-column is-layout-flow wp-block-column-is-layout-flow\">\n<div class=\"wp-block-image\"><figure class=\"aligncenter size-large\"><img loading=\"lazy\" decoding=\"async\" width=\"100\" height=\"100\" src=\"http:\/\/www.beindicate.pl\/home\/wp-content\/uploads\/2021\/05\/software.png\" alt=\"\" class=\"wp-image-159\"\/><\/figure><\/div>\n\n\n\n<p class=\"has-text-align-center\">Masz dost\u0119p do Portalu, kt\u00f3ry ma zawsze <strong>aktualn\u0105 wersj\u0119 oprogramowania.<\/strong><\/p>\n<\/div>\n<\/div>\n\n\n\n<div class=\"wp-block-columns is-layout-flex wp-container-core-columns-is-layout-9d6595d7 wp-block-columns-is-layout-flex\">\n<div class=\"wp-block-column is-layout-flow wp-block-column-is-layout-flow\">\n<div class=\"wp-block-image\"><figure class=\"aligncenter size-large\"><img loading=\"lazy\" decoding=\"async\" width=\"100\" height=\"100\" src=\"http:\/\/www.beindicate.pl\/home\/wp-content\/uploads\/2021\/05\/guarantee.png\" alt=\"\" class=\"wp-image-160\"\/><\/figure><\/div>\n\n\n\n<p class=\"has-text-align-center\"><strong>Masz gwarancj\u0119 bezpiecze\u0144stwa<\/strong><br>\u2013 us\u0142uga \u015bwiadczona przez systemy informatyczne zabezpieczone fizycznie<br>i logicznie tak, by sprosta\u0107 najbardziej wymagaj\u0105cym klientom.<\/p>\n<\/div>\n\n\n\n<div class=\"wp-block-column is-layout-flow wp-block-column-is-layout-flow\">\n<div class=\"wp-block-image\"><figure class=\"aligncenter size-large\"><img loading=\"lazy\" decoding=\"async\" width=\"100\" height=\"100\" src=\"http:\/\/www.beindicate.pl\/home\/wp-content\/uploads\/2021\/05\/software-1.png\" alt=\"\" class=\"wp-image-161\"\/><\/figure><\/div>\n\n\n\n<p class=\"has-text-align-center\">Nie musisz dostosowywa\u0107 oprogramowania do r\u00f3\u017cnorodnych konfiguracji sprz\u0119towych, platforma zarz\u0105dzania jest centralnie przez dostaw\u0119 Platformy, kt\u00f3ry panuje nad <strong>poprawno\u015bci\u0105 dzia\u0142ania i wydajno\u015bci\u0105 aplikacji<\/strong>.<\/p>\n<\/div>\n<\/div>\n\n\n\n<div style=\"height:50px\" aria-hidden=\"true\" class=\"wp-block-spacer\"><\/div>\n\n\n\n<hr class=\"wp-block-separator has-text-color has-background has-black-background-color has-black-color is-style-wide\"\/>\n\n\n\n<div style=\"height:51px\" aria-hidden=\"true\" class=\"wp-block-spacer\"><\/div>\n\n\n\n<figure class=\"wp-block-image size-large\"><img loading=\"lazy\" decoding=\"async\" width=\"1024\" height=\"298\" src=\"http:\/\/www.beindicate.pl\/home\/wp-content\/uploads\/2021\/05\/lista_grup-1024x298.png\" alt=\"\" class=\"wp-image-243\" srcset=\"http:\/\/www.beindicate.pl\/home\/wp-content\/uploads\/2021\/05\/lista_grup-1024x298.png 1024w, http:\/\/www.beindicate.pl\/home\/wp-content\/uploads\/2021\/05\/lista_grup-300x87.png 300w, http:\/\/www.beindicate.pl\/home\/wp-content\/uploads\/2021\/05\/lista_grup-768x224.png 768w, http:\/\/www.beindicate.pl\/home\/wp-content\/uploads\/2021\/05\/lista_grup.png 1381w\" sizes=\"auto, (max-width: 767px) 89vw, (max-width: 1000px) 54vw, (max-width: 1071px) 543px, 580px\" \/><figcaption>Przyk\u0142adowa lista grup zakupowych na Portalu<\/figcaption><\/figure>\n\n\n\n<div style=\"height:51px\" aria-hidden=\"true\" class=\"wp-block-spacer\"><\/div>\n\n\n\n<hr class=\"wp-block-separator has-text-color has-background has-black-background-color has-black-color is-style-wide\"\/>\n\n\n\n<div style=\"height:51px\" aria-hidden=\"true\" class=\"wp-block-spacer\"><\/div>\n\n\n\n<div class=\"wp-block-image\"><figure class=\"aligncenter size-large is-resized\"><img loading=\"lazy\" decoding=\"async\" src=\"http:\/\/www.beindicate.pl\/home\/wp-content\/uploads\/2021\/05\/logo.png\" alt=\"\" class=\"wp-image-199\" width=\"92\" height=\"53\"\/><\/figure><\/div>\n\n\n\n<p class=\"has-text-align-center has-small-font-size\">Beindicate sp. z o.o., ul. Wojska Polskiego 16G, 41-600 \u015awi\u0119toch\u0142owice<br>e-mail: jakub.szczypa@beindicate.pl, tel. 517 402 706<\/p>\n","protected":false},"excerpt":{"rendered":"<p>Portal Grup Zakupowych to szereg korzy\u015bci, zar\u00f3wno do firmy do\u0142\u0105czaj\u0105cej do Grupy Zakupowej, jak i dla firmy wystawiaj\u0105cej sw\u00f3j produkt do sprzeda\u017cy na Portalu. Oszcz\u0119dzasz\u2013 poprzez grupowe zam\u00f3wienie uzyskujesz ni\u017csz\u0105 cen\u0119, w stosunku do zam\u00f3wienia indywidualnego. Wykupujesz abonament, kt\u00f3ry jest sta\u0142y na ca\u0142y okres trwania umowy. Masz natychmiastowy dost\u0119p przez 365\/7\/24 z ka\u017cdego miejsca w &hellip; <\/p>\n<p class=\"link-more\"><a href=\"http:\/\/www.beindicate.pl\/home\/korzysci\/\" class=\"more-link\">Czytaj dalej<span class=\"screen-reader-text\"> Korzy\u015bci<\/span><\/a><\/p>\n","protected":false},"author":1,"featured_media":0,"parent":0,"menu_order":0,"comment_status":"closed","ping_status":"closed","template":"","meta":{"footnotes":""},"class_list":["post-82","page","type-page","status-publish","hentry"],"_links":{"self":[{"href":"http:\/\/www.beindicate.pl\/home\/wp-json\/wp\/v2\/pages\/82","targetHints":{"allow":["GET"]}}],"collection":[{"href":"http:\/\/www.beindicate.pl\/home\/wp-json\/wp\/v2\/pages"}],"about":[{"href":"http:\/\/www.beindicate.pl\/home\/wp-json\/wp\/v2\/types\/page"}],"author":[{"embeddable":true,"href":"http:\/\/www.beindicate.pl\/home\/wp-json\/wp\/v2\/users\/1"}],"replies":[{"embeddable":true,"href":"http:\/\/www.beindicate.pl\/home\/wp-json\/wp\/v2\/comments?post=82"}],"version-history":[{"count":16,"href":"http:\/\/www.beindicate.pl\/home\/wp-json\/wp\/v2\/pages\/82\/revisions"}],"predecessor-version":[{"id":251,"href":"http:\/\/www.beindicate.pl\/home\/wp-json\/wp\/v2\/pages\/82\/revisions\/251"}],"wp:attachment":[{"href":"http:\/\/www.beindicate.pl\/home\/wp-json\/wp\/v2\/media?parent=82"}],"curies":[{"name":"wp","href":"https:\/\/api.w.org\/{rel}","templated":true}]}}