{"id":74,"date":"2021-05-25T14:31:05","date_gmt":"2021-05-25T14:31:05","guid":{"rendered":"http:\/\/www.beindicate.pl\/home\/?page_id=74"},"modified":"2021-05-26T17:01:30","modified_gmt":"2021-05-26T17:01:30","slug":"jak-to-dziala","status":"publish","type":"page","link":"http:\/\/www.beindicate.pl\/home\/jak-to-dziala\/","title":{"rendered":"Jak dzia\u0142a Portal?"},"content":{"rendered":"\n<p><strong>Do\u0142\u0105czasz do spo\u0142eczno\u015bci Portalu Grup Zakupowych na zasadach subskrypcji. <\/strong><br><strong>Po wykupieniu abonamentu i podpisaniu umowy dostajesz sw\u00f3j indywidualny login i has\u0142o dla Twojego Przedsi\u0119biorstwa do Portalu Grup Zakupowych. <\/strong><\/p>\n\n\n\n<p>Logujesz si\u0119 przez stron\u0119 internetow\u0105, bez konieczno\u015bci instalowania dodatkowej aplikacji czy oprogramowania i do\u0142\u0105czasz do spo\u0142eczno\u015bci, kt\u00f3re podobnie jak Ty, chc\u0105 kupowa\u0107 lub sprzedawa\u0107 swoje produkty.<\/p>\n\n\n\n<p>W zale\u017cno\u015bci jak\u0105 b\u0119dziesz pe\u0142ni\u0142\/a rol\u0119 na Portalu wy\u015bwietli Ci si\u0119 odpowiedni panel: Dostawcy\/Producenta &#8211; Sprzedaj\u0105cej lub Odbiorcy\/Udzia\u0142owca &#8211; Kupuj\u0105cego.<\/p>\n\n\n\n<div style=\"height:50px\" aria-hidden=\"true\" class=\"wp-block-spacer\"><\/div>\n\n\n\n<div class=\"wp-block-columns is-layout-flex wp-container-core-columns-is-layout-9d6595d7 wp-block-columns-is-layout-flex\">\n<div class=\"wp-block-column is-layout-flow wp-block-column-is-layout-flow\">\n<figure class=\"wp-block-image size-large\"><img loading=\"lazy\" decoding=\"async\" width=\"1024\" height=\"302\" src=\"http:\/\/www.beindicate.pl\/home\/wp-content\/uploads\/2021\/05\/dostawca-1024x302.png\" alt=\"\" class=\"wp-image-248\" srcset=\"http:\/\/www.beindicate.pl\/home\/wp-content\/uploads\/2021\/05\/dostawca-1024x302.png 1024w, http:\/\/www.beindicate.pl\/home\/wp-content\/uploads\/2021\/05\/dostawca-300x88.png 300w, http:\/\/www.beindicate.pl\/home\/wp-content\/uploads\/2021\/05\/dostawca-768x226.png 768w, http:\/\/www.beindicate.pl\/home\/wp-content\/uploads\/2021\/05\/dostawca.png 1398w\" sizes=\"auto, (max-width: 767px) 89vw, (max-width: 1000px) 54vw, (max-width: 1071px) 543px, 580px\" \/><figcaption>Panel Dostawcy\/Producenta -Sprzedaj\u0105cego<\/figcaption><\/figure>\n<\/div>\n\n\n\n<div class=\"wp-block-column is-layout-flow wp-block-column-is-layout-flow\">\n<figure class=\"wp-block-image size-large\"><img loading=\"lazy\" decoding=\"async\" width=\"1024\" height=\"263\" src=\"http:\/\/www.beindicate.pl\/home\/wp-content\/uploads\/2021\/05\/odbiorca-1024x263.png\" alt=\"\" class=\"wp-image-249\" srcset=\"http:\/\/www.beindicate.pl\/home\/wp-content\/uploads\/2021\/05\/odbiorca-1024x263.png 1024w, http:\/\/www.beindicate.pl\/home\/wp-content\/uploads\/2021\/05\/odbiorca-300x77.png 300w, http:\/\/www.beindicate.pl\/home\/wp-content\/uploads\/2021\/05\/odbiorca-768x197.png 768w, http:\/\/www.beindicate.pl\/home\/wp-content\/uploads\/2021\/05\/odbiorca.png 1399w\" sizes=\"auto, (max-width: 767px) 89vw, (max-width: 1000px) 54vw, (max-width: 1071px) 543px, 580px\" \/><figcaption>Panel Odbiorcy\/Udzia\u0142owca &#8211; Kupuj\u0105cego<\/figcaption><\/figure>\n<\/div>\n<\/div>\n\n\n\n<div style=\"height:50px\" aria-hidden=\"true\" class=\"wp-block-spacer\"><\/div>\n\n\n\n<hr class=\"wp-block-separator has-text-color has-background has-black-background-color has-black-color is-style-wide\"\/>\n\n\n\n<div style=\"height:50px\" aria-hidden=\"true\" class=\"wp-block-spacer\"><\/div>\n\n\n\n<div class=\"wp-block-columns is-layout-flex wp-container-core-columns-is-layout-9d6595d7 wp-block-columns-is-layout-flex\">\n<div class=\"wp-block-column is-layout-flow wp-block-column-is-layout-flow\">\n<figure class=\"wp-block-image size-large\"><img loading=\"lazy\" decoding=\"async\" width=\"100\" height=\"100\" src=\"http:\/\/www.beindicate.pl\/home\/wp-content\/uploads\/2021\/05\/kupuje.png\" alt=\"\" class=\"wp-image-173\"\/><\/figure>\n\n\n\n<p><strong>Jako Odbiorca\\Udzia\u0142owiec:<\/strong><\/p>\n\n\n\n<ul class=\"wp-block-list\" type=\"1\"><li>masz dost\u0119p do wszystkich wystawionych produkt\u00f3w na Portalu,<\/li><li>mo\u017cesz z\u0142o\u017cy\u0107 zam\u00f3wienie do\u0142\u0105czaj\u0105c <br>do grupy chc\u0105cej kupi\u0107 danych produkt,<\/li><li>czekasz, a\u017c zbierze si\u0119 grupa kupuj\u0105cych <br>i kupujesz zam\u00f3wiony produkt,<\/li><li>otrzymujesz bonusy.<\/li><\/ul>\n<\/div>\n\n\n\n<div class=\"wp-block-column is-layout-flow wp-block-column-is-layout-flow\">\n<figure class=\"wp-block-image size-large\"><img loading=\"lazy\" decoding=\"async\" width=\"100\" height=\"100\" src=\"http:\/\/www.beindicate.pl\/home\/wp-content\/uploads\/2021\/05\/sprzedaje.png\" alt=\"\" class=\"wp-image-174\"\/><\/figure>\n\n\n\n<p><strong>Jako Dostawca\\Sprzedaj\u0105cy:<\/strong><\/p>\n\n\n\n<ul class=\"wp-block-list\" type=\"1\"><li>wystawiasz swoje produkty na Portalu wraz<br>z minimaln\u0105 ilo\u015bci\u0105 i cen\u0105 sprzeda\u017cy,<\/li><li>mo\u017cesz dodawa\u0107 produkty w ka\u017cdej chwili,<\/li><li>automatycznie otrzymujesz informacje <br>o ilo\u015bci zapotrzebowania na sw\u00f3j produkt, <br>a tak\u017ce o konkretnych zam\u00f3wieniach<\/li><\/ul>\n<\/div>\n<\/div>\n\n\n\n<div style=\"height:50px\" aria-hidden=\"true\" class=\"wp-block-spacer\"><\/div>\n\n\n\n<hr class=\"wp-block-separator has-text-color has-background has-black-background-color has-black-color is-style-wide\"\/>\n\n\n\n<div style=\"height:50px\" aria-hidden=\"true\" class=\"wp-block-spacer\"><\/div>\n\n\n\n<figure class=\"wp-block-image size-large\"><img loading=\"lazy\" decoding=\"async\" width=\"1024\" height=\"575\" src=\"http:\/\/www.beindicate.pl\/home\/wp-content\/uploads\/2021\/05\/umowa_portal-1024x575.png\" alt=\"\" class=\"wp-image-235\" srcset=\"http:\/\/www.beindicate.pl\/home\/wp-content\/uploads\/2021\/05\/umowa_portal-1024x575.png 1024w, http:\/\/www.beindicate.pl\/home\/wp-content\/uploads\/2021\/05\/umowa_portal-300x169.png 300w, http:\/\/www.beindicate.pl\/home\/wp-content\/uploads\/2021\/05\/umowa_portal-768x432.png 768w, http:\/\/www.beindicate.pl\/home\/wp-content\/uploads\/2021\/05\/umowa_portal.png 1381w\" sizes=\"auto, (max-width: 767px) 89vw, (max-width: 1000px) 54vw, (max-width: 1071px) 543px, 580px\" \/><figcaption>Umowa w Portalu Grup Zakupowych<\/figcaption><\/figure>\n\n\n\n<div style=\"height:50px\" aria-hidden=\"true\" class=\"wp-block-spacer\"><\/div>\n\n\n\n<hr class=\"wp-block-separator has-text-color has-background has-black-background-color has-black-color is-style-wide\"\/>\n\n\n\n<div style=\"height:50px\" aria-hidden=\"true\" class=\"wp-block-spacer\"><\/div>\n\n\n\n<div class=\"wp-block-image\"><figure class=\"aligncenter size-large is-resized\"><img loading=\"lazy\" decoding=\"async\" src=\"http:\/\/www.beindicate.pl\/home\/wp-content\/uploads\/2021\/05\/logo.png\" alt=\"\" class=\"wp-image-199\" width=\"85\" height=\"49\"\/><\/figure><\/div>\n\n\n\n<p class=\"has-text-align-center has-small-font-size\">Beindicate sp. z o.o., ul. Wojska Polskiego 16G, 41-600 \u015awi\u0119toch\u0142owice<br>e-mail: jakub.szczypa@beindicate.pl, tel. 517 402 706<\/p>\n","protected":false},"excerpt":{"rendered":"<p>Do\u0142\u0105czasz do spo\u0142eczno\u015bci Portalu Grup Zakupowych na zasadach subskrypcji. Po wykupieniu abonamentu i podpisaniu umowy dostajesz sw\u00f3j indywidualny login i has\u0142o dla Twojego Przedsi\u0119biorstwa do Portalu Grup Zakupowych. Logujesz si\u0119 przez stron\u0119 internetow\u0105, bez konieczno\u015bci instalowania dodatkowej aplikacji czy oprogramowania i do\u0142\u0105czasz do spo\u0142eczno\u015bci, kt\u00f3re podobnie jak Ty, chc\u0105 kupowa\u0107 lub sprzedawa\u0107 swoje produkty. W &hellip; <\/p>\n<p class=\"link-more\"><a href=\"http:\/\/www.beindicate.pl\/home\/jak-to-dziala\/\" class=\"more-link\">Czytaj dalej<span class=\"screen-reader-text\"> Jak dzia\u0142a Portal?<\/span><\/a><\/p>\n","protected":false},"author":1,"featured_media":0,"parent":0,"menu_order":0,"comment_status":"closed","ping_status":"closed","template":"","meta":{"footnotes":""},"class_list":["post-74","page","type-page","status-publish","hentry"],"_links":{"self":[{"href":"http:\/\/www.beindicate.pl\/home\/wp-json\/wp\/v2\/pages\/74","targetHints":{"allow":["GET"]}}],"collection":[{"href":"http:\/\/www.beindicate.pl\/home\/wp-json\/wp\/v2\/pages"}],"about":[{"href":"http:\/\/www.beindicate.pl\/home\/wp-json\/wp\/v2\/types\/page"}],"author":[{"embeddable":true,"href":"http:\/\/www.beindicate.pl\/home\/wp-json\/wp\/v2\/users\/1"}],"replies":[{"embeddable":true,"href":"http:\/\/www.beindicate.pl\/home\/wp-json\/wp\/v2\/comments?post=74"}],"version-history":[{"count":17,"href":"http:\/\/www.beindicate.pl\/home\/wp-json\/wp\/v2\/pages\/74\/revisions"}],"predecessor-version":[{"id":250,"href":"http:\/\/www.beindicate.pl\/home\/wp-json\/wp\/v2\/pages\/74\/revisions\/250"}],"wp:attachment":[{"href":"http:\/\/www.beindicate.pl\/home\/wp-json\/wp\/v2\/media?parent=74"}],"curies":[{"name":"wp","href":"https:\/\/api.w.org\/{rel}","templated":true}]}}