{"id":273,"date":"2021-05-27T18:37:27","date_gmt":"2021-05-27T18:37:27","guid":{"rendered":"http:\/\/www.beindicate.pl\/home\/?page_id=273"},"modified":"2021-05-27T18:37:27","modified_gmt":"2021-05-27T18:37:27","slug":"projekt-ue","status":"publish","type":"page","link":"http:\/\/www.beindicate.pl\/home\/projekt-ue\/","title":{"rendered":"Projekt UE"},"content":{"rendered":"\n<p><strong>BEINDICATE Sp. z o. o. realizuje projekt dofinansowany z Funduszy Europejskich<\/strong> <strong>\u201eImplementacja innowacji technologicznej w celu pe\u0142nej automatyzacji procesu zarz\u0105dzania polityk\u0105 handlow\u0105 dla grup zakupowych, dzi\u0119ki nabyciu proinnowacyjnych us\u0142ug doradczych oraz niezb\u0119dnych do realizacji projektu warto\u015bci niematerialnych i prawnych i \u015brodk\u00f3w trwa\u0142ych\u201d<\/strong><\/p>\n\n\n\n<p>Celem projektu jest dywersyfikacja dzia\u0142alno\u015bci przedsi\u0119biorstwa poprzez poszerzenie oferty zwi\u0105zanej z opracowaniem i komercyjn\u0105 sprzeda\u017c\u0105 innowacyjnego systemu informatycznego umo\u017cliwiaj\u0105cego pe\u0142n\u0105 automatyzacj\u0119 procesu zarz\u0105dzania polityk\u0105 handlow\u0105 dla grup zakupowych.<\/p>\n\n\n\n<p>Planowane efekty projektu to wdro\u017cenie do oferty firmy innowacyjnego systemu IT, kt\u00f3rego zadaniem b\u0119dzie automatyzacja procesu zarz\u0105dzania polityk\u0105 handlow\u0105 w grupach zakupowych\/franczyzowych.<\/p>\n\n\n\n<p><strong>Warto\u015b\u0107 projektu: <\/strong>1 457&nbsp;058,00 PLN<\/p>\n\n\n\n<p><strong>Dofinansowanie projektu z UE:<\/strong> 829\u00a0220,00 PLN<\/p>\n\n\n\n<figure class=\"wp-block-image size-large\"><img loading=\"lazy\" decoding=\"async\" width=\"1024\" height=\"115\" src=\"http:\/\/www.beindicate.pl\/home\/wp-content\/uploads\/2021\/05\/Przechwytywanie-1-1024x115.jpg\" alt=\"\" class=\"wp-image-274\" srcset=\"http:\/\/www.beindicate.pl\/home\/wp-content\/uploads\/2021\/05\/Przechwytywanie-1-1024x115.jpg 1024w, http:\/\/www.beindicate.pl\/home\/wp-content\/uploads\/2021\/05\/Przechwytywanie-1-300x34.jpg 300w, http:\/\/www.beindicate.pl\/home\/wp-content\/uploads\/2021\/05\/Przechwytywanie-1-768x86.jpg 768w, http:\/\/www.beindicate.pl\/home\/wp-content\/uploads\/2021\/05\/Przechwytywanie-1-1536x173.jpg 1536w, http:\/\/www.beindicate.pl\/home\/wp-content\/uploads\/2021\/05\/Przechwytywanie-1-2048x230.jpg 2048w\" sizes=\"auto, (max-width: 767px) 89vw, (max-width: 1000px) 54vw, (max-width: 1071px) 543px, 580px\" \/><\/figure>\n","protected":false},"excerpt":{"rendered":"<p>BEINDICATE Sp. z o. o. realizuje projekt dofinansowany z Funduszy Europejskich \u201eImplementacja innowacji technologicznej w celu pe\u0142nej automatyzacji procesu zarz\u0105dzania polityk\u0105 handlow\u0105 dla grup zakupowych, dzi\u0119ki nabyciu proinnowacyjnych us\u0142ug doradczych oraz niezb\u0119dnych do realizacji projektu warto\u015bci niematerialnych i prawnych i \u015brodk\u00f3w trwa\u0142ych\u201d Celem projektu jest dywersyfikacja dzia\u0142alno\u015bci przedsi\u0119biorstwa poprzez poszerzenie oferty zwi\u0105zanej z opracowaniem i &hellip; <\/p>\n<p class=\"link-more\"><a href=\"http:\/\/www.beindicate.pl\/home\/projekt-ue\/\" class=\"more-link\">Czytaj dalej<span class=\"screen-reader-text\"> Projekt UE<\/span><\/a><\/p>\n","protected":false},"author":1,"featured_media":0,"parent":0,"menu_order":0,"comment_status":"closed","ping_status":"closed","template":"","meta":{"footnotes":""},"class_list":["post-273","page","type-page","status-publish","hentry"],"_links":{"self":[{"href":"http:\/\/www.beindicate.pl\/home\/wp-json\/wp\/v2\/pages\/273","targetHints":{"allow":["GET"]}}],"collection":[{"href":"http:\/\/www.beindicate.pl\/home\/wp-json\/wp\/v2\/pages"}],"about":[{"href":"http:\/\/www.beindicate.pl\/home\/wp-json\/wp\/v2\/types\/page"}],"author":[{"embeddable":true,"href":"http:\/\/www.beindicate.pl\/home\/wp-json\/wp\/v2\/users\/1"}],"replies":[{"embeddable":true,"href":"http:\/\/www.beindicate.pl\/home\/wp-json\/wp\/v2\/comments?post=273"}],"version-history":[{"count":1,"href":"http:\/\/www.beindicate.pl\/home\/wp-json\/wp\/v2\/pages\/273\/revisions"}],"predecessor-version":[{"id":275,"href":"http:\/\/www.beindicate.pl\/home\/wp-json\/wp\/v2\/pages\/273\/revisions\/275"}],"wp:attachment":[{"href":"http:\/\/www.beindicate.pl\/home\/wp-json\/wp\/v2\/media?parent=273"}],"curies":[{"name":"wp","href":"https:\/\/api.w.org\/{rel}","templated":true}]}}