{"id":19,"date":"2020-01-16T13:43:29","date_gmt":"2020-01-16T13:43:29","guid":{"rendered":"http:\/\/www.beindicate.pl\/home\/?page_id=19"},"modified":"2024-02-26T08:57:46","modified_gmt":"2024-02-26T08:57:46","slug":"kontakt","status":"publish","type":"page","link":"http:\/\/www.beindicate.pl\/home\/kontakt\/","title":{"rendered":"Kontakt"},"content":{"rendered":"\n<div class=\"wp-block-media-text alignwide is-stacked-on-mobile\" style=\"grid-template-columns:27% auto\"><figure class=\"wp-block-media-text__media\"><img loading=\"lazy\" decoding=\"async\" width=\"150\" height=\"87\" src=\"http:\/\/www.beindicate.pl\/home\/wp-content\/uploads\/2021\/05\/logo.png\" alt=\"\" class=\"wp-image-199 size-full\"\/><\/figure><div class=\"wp-block-media-text__content\">\n<p><strong>Chcesz dowiedzie\u0107 si\u0119 wi\u0119cej na temat Portalu Grup Zakupowych lub dowiedzie\u0107 si\u0119 jakie s\u0105 szczeg\u00f3\u0142owe zasady przyst\u0105pienia do niego, to skontaktuj si\u0119 z nami.<\/strong><\/p>\n<\/div><\/div>\n\n\n\n<hr class=\"wp-block-separator has-text-color has-black-color has-css-opacity has-black-background-color has-background is-style-wide\"\/>\n\n\n\n<p><\/p>\n\n\n<p><strong>Beindicate sp. z o.o.<\/strong><br \/>ul. Porcelanowa 19 (wej\u015bcie B)<br \/>40-246 Katowice<br \/>e-mail: jakub.szczypa@beindicate.pl<br \/>tel. 517 402 706<\/p>\n<p><strong>Godziny otwarcia:<\/strong> <br \/>poniedzia\u0142ek &#8211; pi\u0105tek <br \/>8.00 &#8211; 16.00<\/p>\n\n\n<hr class=\"wp-block-separator has-text-color has-black-color has-css-opacity has-black-background-color has-background is-style-wide\"\/>\n","protected":false},"excerpt":{"rendered":"<p>Chcesz dowiedzie\u0107 si\u0119 wi\u0119cej na temat Portalu Grup Zakupowych lub dowiedzie\u0107 si\u0119 jakie s\u0105 szczeg\u00f3\u0142owe zasady przyst\u0105pienia do niego, to skontaktuj si\u0119 z nami. Beindicate sp. z o.o.ul. Porcelanowa 19 (wej\u015bcie B)40-246 Katowicee-mail: jakub.szczypa@beindicate.pltel. 517 402 706 Godziny otwarcia: poniedzia\u0142ek &#8211; pi\u0105tek 8.00 &#8211; 16.00<\/p>\n","protected":false},"author":1,"featured_media":0,"parent":0,"menu_order":0,"comment_status":"closed","ping_status":"closed","template":"","meta":{"footnotes":""},"class_list":["post-19","page","type-page","status-publish","hentry"],"_links":{"self":[{"href":"http:\/\/www.beindicate.pl\/home\/wp-json\/wp\/v2\/pages\/19","targetHints":{"allow":["GET"]}}],"collection":[{"href":"http:\/\/www.beindicate.pl\/home\/wp-json\/wp\/v2\/pages"}],"about":[{"href":"http:\/\/www.beindicate.pl\/home\/wp-json\/wp\/v2\/types\/page"}],"author":[{"embeddable":true,"href":"http:\/\/www.beindicate.pl\/home\/wp-json\/wp\/v2\/users\/1"}],"replies":[{"embeddable":true,"href":"http:\/\/www.beindicate.pl\/home\/wp-json\/wp\/v2\/comments?post=19"}],"version-history":[{"count":7,"href":"http:\/\/www.beindicate.pl\/home\/wp-json\/wp\/v2\/pages\/19\/revisions"}],"predecessor-version":[{"id":286,"href":"http:\/\/www.beindicate.pl\/home\/wp-json\/wp\/v2\/pages\/19\/revisions\/286"}],"wp:attachment":[{"href":"http:\/\/www.beindicate.pl\/home\/wp-json\/wp\/v2\/media?parent=19"}],"curies":[{"name":"wp","href":"https:\/\/api.w.org\/{rel}","templated":true}]}}