{"id":18,"date":"2020-01-16T13:43:29","date_gmt":"2020-01-16T13:43:29","guid":{"rendered":"http:\/\/www.beindicate.pl\/home\/?page_id=18"},"modified":"2021-05-26T15:39:03","modified_gmt":"2021-05-26T15:39:03","slug":"o-nas","status":"publish","type":"page","link":"http:\/\/www.beindicate.pl\/home\/o-nas\/","title":{"rendered":"Innowacje"},"content":{"rendered":"\n<p><strong>Portal Grup Zakupowych <\/strong>to innowacyjny produkt na polskim rynku. Obecnie nie ma obecnie takiego rozwi\u0105zania, kt\u00f3re w podobny spos\u00f3b pozwala w jednym miejscu zrzesza\u0107 firmy z Grupy Zakupowej i firmy Sprzedaj\u0105cej w tak automatyczny spos\u00f3b. Dodatkowo Platforma ta ma szereg innowacji, kt\u00f3re doskonale si\u0119 uzupe\u0142niaj\u0105.<\/p>\n\n\n\n<hr class=\"wp-block-separator has-text-color has-background has-black-background-color has-black-color is-style-wide\"\/>\n\n\n\n<div style=\"height:50px\" aria-hidden=\"true\" class=\"wp-block-spacer\"><\/div>\n\n\n\n<div class=\"wp-block-columns is-layout-flex wp-container-core-columns-is-layout-9d6595d7 wp-block-columns-is-layout-flex\">\n<div class=\"wp-block-column is-layout-flow wp-block-column-is-layout-flow\">\n<div class=\"wp-block-media-text alignwide is-stacked-on-mobile\" style=\"grid-template-columns:16% auto\"><figure class=\"wp-block-media-text__media\"><img loading=\"lazy\" decoding=\"async\" width=\"100\" height=\"100\" src=\"http:\/\/www.beindicate.pl\/home\/wp-content\/uploads\/2021\/05\/innowacja_produktowa-1.png\" alt=\"\" class=\"wp-image-165 size-full\"\/><\/figure><div class=\"wp-block-media-text__content\">\n<p><strong>Innowacja produktowa<\/strong><\/p>\n<\/div><\/div>\n<\/div>\n<\/div>\n\n\n\n<p>Portal Grup Zakupowych posiada innowacyjny system rozliczania bonus\u00f3w dla Grup Zakupowych.<\/p>\n\n\n\n<p>Zam\u00f3wienia na portalu Grup Zakupowych sk\u0142adane s\u0105 bezpo\u015brednio poprzez portal B2B i s\u0105 automatycznie przesy\u0142ane bezpo\u015brednio do Sprzedaj\u0105cego.<\/p>\n\n\n\n<p>Poza standardow\u0105 funkcj\u0105 systemu B2B jak\u0105 jest prezentacja oferty towarowej oraz mo\u017cliwo\u015b\u0107 sk\u0142adania zam\u00f3wie\u0144 jak i<\/p>\n\n\n\n<p>dost\u0119p do dokument\u00f3w sprzeda\u017cy, jest tak\u017ce mo\u017cliwo\u015b\u0107 zapoznania si\u0119 z warunkami handlowymi czyli tre\u015bci\u0105 umowy handlowej i jej najwa\u017cniejszych element\u00f3w jak rabaty, bonusy, minima logistyczne, warunki zakupu, promocje, akcje zakupowe czy okna zakupowe.<\/p>\n\n\n\n<p>Mo\u017cesz zintegrowa\u0107 Portal Grup Zakupowych ze swoim systemem ERP, a wtedy po zarejestrowaniu zam\u00f3wienia w ERP, masz mo\u017cliwo\u015b\u0107 automatycznego pobrania przez aplikacj\u0119 tego zam\u00f3wienia i zaimportowania go bezpo\u015brednio na portal B2B. Spowoduje to rejestracj\u0119 Twojego zam\u00f3wienia na Portalu, a tym samym p\u00f3\u017aniejsze wyliczenie bonus\u00f3w. Spos\u00f3b wyliczenia bonus\u00f3w zawsze zawarty jest w umowie handlowej.<\/p>\n\n\n\n<div style=\"height:50px\" aria-hidden=\"true\" class=\"wp-block-spacer\"><\/div>\n\n\n\n<hr class=\"wp-block-separator has-text-color has-background has-black-background-color has-black-color is-style-default\"\/>\n\n\n\n<div style=\"height:50px\" aria-hidden=\"true\" class=\"wp-block-spacer\"><\/div>\n\n\n\n<div class=\"wp-block-media-text alignwide is-stacked-on-mobile\" style=\"grid-template-columns:16% auto\"><figure class=\"wp-block-media-text__media\"><img loading=\"lazy\" decoding=\"async\" width=\"100\" height=\"100\" src=\"http:\/\/www.beindicate.pl\/home\/wp-content\/uploads\/2021\/05\/innowacja_produktowa-1.png\" alt=\"\" class=\"wp-image-165 size-full\"\/><\/figure><div class=\"wp-block-media-text__content\">\n<p><strong>Innowacje procesowe<\/strong><\/p>\n<\/div><\/div>\n\n\n\n<p>Portal Grup Zakupowych to wykorzystanie modelu oprogramowania w chmurze, co pozwala na zwi\u0119kszenie grona kontrahent\u00f3w. Taki dost\u0119p do platformy powoduje, \u017ce ka\u017cdy kontrahent ma zdalny dost\u0119p do systemu automatyzuj\u0105cego proces zarz\u0105dzania polityk\u0105 handlow\u0105 w dowolnym miejscu, po zalogowaniu si\u0119 z dowolnego urz\u0105dzenia.<\/p>\n\n\n\n<div style=\"height:50px\" aria-hidden=\"true\" class=\"wp-block-spacer\"><\/div>\n\n\n\n<hr class=\"wp-block-separator has-text-color has-background has-black-background-color has-black-color is-style-wide\"\/>\n\n\n\n<div style=\"height:50px\" aria-hidden=\"true\" class=\"wp-block-spacer\"><\/div>\n\n\n\n<div class=\"wp-block-media-text alignwide is-stacked-on-mobile\" style=\"grid-template-columns:16% auto\"><figure class=\"wp-block-media-text__media\"><img loading=\"lazy\" decoding=\"async\" width=\"100\" height=\"100\" src=\"http:\/\/www.beindicate.pl\/home\/wp-content\/uploads\/2021\/05\/innowacja_produktowa-1.png\" alt=\"\" class=\"wp-image-165 size-full\"\/><\/figure><div class=\"wp-block-media-text__content\">\n<p><strong>Innowacje organizacyjne<\/strong><\/p>\n<\/div><\/div>\n\n\n\n<p>Portal Grup Zakupowych prowadzi dzia\u0142ania promocyjne i jak zdobycie jak najwi\u0119kszej ilo\u015bci klient\u00f3w. Do Pa\u0144stwa obs\u0142ugi zosta\u0142 wydelegowany dedykowany pracownik. Jest to Specjalista do spraw handlu i promocji Portalu, kt\u00f3ry dba o wszystkie dzia\u0142ania biznesowe zwi\u0105zane z propagowaniem Portalu Grup Zakupowych na rynku.<\/p>\n\n\n\n<p>S\u0105 to przede wszystkim:<\/p>\n\n\n\n<ul class=\"wp-block-list\"><li>udzia\u0142 w dzia\u0142aniach marketingowych promuj\u0105cych Portal,<\/li><li>zdobycie i utrzymywanie kontakt\u00f3w bezpo\u015brednich, telefonicznych i mailowych z kontrahentami,<\/li><li>aktywne pozyskiwanie nowych klient\u00f3w,<\/li><li>przygotowanie i udzia\u0142 w targach i konferencjach promuj\u0105cych system IT,<\/li><li>budowanie pozytywnego wizerunku firmy,<\/li><li>realizacja wyznaczonych cel\u00f3w sprzeda\u017cowych.<\/li><\/ul>\n\n\n\n<div style=\"height:50px\" aria-hidden=\"true\" class=\"wp-block-spacer\"><\/div>\n\n\n\n<hr class=\"wp-block-separator is-style-wide\"\/>\n\n\n\n<div style=\"height:50px\" aria-hidden=\"true\" class=\"wp-block-spacer\"><\/div>\n\n\n\n<div class=\"wp-block-media-text alignwide is-stacked-on-mobile\" style=\"grid-template-columns:16% auto\"><figure class=\"wp-block-media-text__media\"><img loading=\"lazy\" decoding=\"async\" width=\"100\" height=\"100\" src=\"http:\/\/www.beindicate.pl\/home\/wp-content\/uploads\/2021\/05\/innowacja_produktowa-1.png\" alt=\"\" class=\"wp-image-165 size-full\"\/><\/figure><div class=\"wp-block-media-text__content\">\n<p><strong>Innowacje marketingowe<\/strong><\/p>\n<\/div><\/div>\n\n\n\n<p>Portal Grup Zakupowych oferuje swoje us\u0142ugi Klientom pozyskanym w ramach marketingu bezpo\u015bredniego \u2013 spotkania i negocjacje biznesowe, ale te\u017c poprzez prowadzone marketingowe kampanie promocyjne na portalach bran\u017cowych i w wybranych czasopismach.<\/p>\n\n\n\n<div style=\"height:50px\" aria-hidden=\"true\" class=\"wp-block-spacer\"><\/div>\n\n\n\n<hr class=\"wp-block-separator is-style-wide\"\/>\n\n\n\n<div class=\"wp-block-image\"><figure class=\"aligncenter size-large is-resized\"><img loading=\"lazy\" decoding=\"async\" src=\"http:\/\/www.beindicate.pl\/home\/wp-content\/uploads\/2021\/05\/logo.png\" alt=\"\" class=\"wp-image-199\" width=\"93\" height=\"53\"\/><\/figure><\/div>\n\n\n\n<p class=\"has-text-align-center has-small-font-size\">B<span class=\"has-inline-color has-black-color\">eindicate sp. z o.o., ul. Wojska Polskiego 16G, 41-600 \u015awi\u0119toch\u0142owice<br>e-mail: jakub.szczypa@beindicate.pl, tel. 517 402 706<\/span><\/p>\n","protected":false},"excerpt":{"rendered":"<p>Portal Grup Zakupowych to innowacyjny produkt na polskim rynku. Obecnie nie ma obecnie takiego rozwi\u0105zania, kt\u00f3re w podobny spos\u00f3b pozwala w jednym miejscu zrzesza\u0107 firmy z Grupy Zakupowej i firmy Sprzedaj\u0105cej w tak automatyczny spos\u00f3b. Dodatkowo Platforma ta ma szereg innowacji, kt\u00f3re doskonale si\u0119 uzupe\u0142niaj\u0105. Innowacja produktowa Portal Grup Zakupowych posiada innowacyjny system rozliczania bonus\u00f3w &hellip; <\/p>\n<p class=\"link-more\"><a href=\"http:\/\/www.beindicate.pl\/home\/o-nas\/\" class=\"more-link\">Czytaj dalej<span class=\"screen-reader-text\"> Innowacje<\/span><\/a><\/p>\n","protected":false},"author":1,"featured_media":0,"parent":0,"menu_order":0,"comment_status":"closed","ping_status":"closed","template":"","meta":{"footnotes":""},"class_list":["post-18","page","type-page","status-publish","hentry"],"_links":{"self":[{"href":"http:\/\/www.beindicate.pl\/home\/wp-json\/wp\/v2\/pages\/18","targetHints":{"allow":["GET"]}}],"collection":[{"href":"http:\/\/www.beindicate.pl\/home\/wp-json\/wp\/v2\/pages"}],"about":[{"href":"http:\/\/www.beindicate.pl\/home\/wp-json\/wp\/v2\/types\/page"}],"author":[{"embeddable":true,"href":"http:\/\/www.beindicate.pl\/home\/wp-json\/wp\/v2\/users\/1"}],"replies":[{"embeddable":true,"href":"http:\/\/www.beindicate.pl\/home\/wp-json\/wp\/v2\/comments?post=18"}],"version-history":[{"count":16,"href":"http:\/\/www.beindicate.pl\/home\/wp-json\/wp\/v2\/pages\/18\/revisions"}],"predecessor-version":[{"id":213,"href":"http:\/\/www.beindicate.pl\/home\/wp-json\/wp\/v2\/pages\/18\/revisions\/213"}],"wp:attachment":[{"href":"http:\/\/www.beindicate.pl\/home\/wp-json\/wp\/v2\/media?parent=18"}],"curies":[{"name":"wp","href":"https:\/\/api.w.org\/{rel}","templated":true}]}}