{"id":17,"date":"2020-01-16T13:43:29","date_gmt":"2020-01-16T13:43:29","guid":{"rendered":"http:\/\/www.beindicate.pl\/home\/?page_id=17"},"modified":"2021-05-27T18:16:11","modified_gmt":"2021-05-27T18:16:11","slug":"strona-glowna","status":"publish","type":"page","link":"http:\/\/www.beindicate.pl\/home\/","title":{"rendered":"Portal Grup Zakupowych dla Firm"},"content":{"rendered":"\n<div class=\"wp-block-media-text alignwide is-stacked-on-mobile\" style=\"grid-template-columns:22% auto\"><figure class=\"wp-block-media-text__media\"><img loading=\"lazy\" decoding=\"async\" width=\"150\" height=\"87\" src=\"http:\/\/www.beindicate.pl\/home\/wp-content\/uploads\/2021\/05\/logo.png\" alt=\"\" class=\"wp-image-199 size-full\"\/><\/figure><div class=\"wp-block-media-text__content\">\n<p><strong>Portal Grup Zakupowych<\/strong> umo\u017cliwia firmom skorzystanie z mo\u017cliwo\u015bci wsp\u00f3lnych zakup\u00f3w, a co za tym idzie, uzyskania ni\u017cszych cen jednostkowych danych produkt\u00f3w. Ale te\u017c je\u015bli chcesz jako firma sprzedawa\u0107 swoje produkty mo\u017cesz je r\u00f3wnie\u017c wystawi\u0107 na Portalu.<\/p>\n<\/div><\/div>\n\n\n\n<p><strong>Portal dost\u0119pny jest z chmury<\/strong>, zar\u00f3wno dla kupuj\u0105cych, jak i sprzedaj\u0105cych, a to oznacza, \u017ce maj\u0105 oni zdalny dost\u0119p do zasob\u00f3w wiedzy z dowolnego urz\u0105dzenia, po zalogowaniu si\u0119 do aplikacji, bez konieczno\u015bci instalowania dodatkowego oprogramowania. \u0141atwo\u015b\u0107 tej obs\u0142ugi polega g\u0142\u00f3wnie na tym, \u017ce umiej\u0119tno\u015b\u0107 pos\u0142ugiwania si\u0119 Internetem jest jedynym warunkiem koniecznym aby m\u00f3c korzysta\u0107 z us\u0142ugi. Podobnie dost\u0119p do bazy zakup\u00f3w nie wymaga specjalnego dodatkowego oprogramowania, a to oznacza, \u017ce w prosty spos\u00f3b mo\u017cesz doda\u0107 kolejnych u\u017cytkownik\u00f3w do tej aplikacji.<\/p>\n\n\n\n<p>Portal jest tak skonstruowany, \u017ce wystawiane produkty na Portalu dodawane s\u0105 w spos\u00f3b <strong>prosty, ale bezpieczny.<\/strong> Co wi\u0119cej portal mo\u017ce zosta\u0107 zintegrowany z systemem ERP, co powoduje, \u017ce wszystkie informacje handlowe masz od razu w swoim systemie. Platforma pozwala te\u017c na <strong>zdalny dost\u0119p do systemu automatyzuj\u0105cego proces zarz\u0105dzania polityk\u0105 handlow\u0105<\/strong>.<\/p>\n\n\n\n<p><strong>Jako firma mo\u017cesz do\u0142\u0105czy\u0107 do Portalu w ka\u017cdej chwili i w ka\u017cdej chwili z niej korzysta\u0107.<\/strong><\/p>\n\n\n\n<div style=\"height:50px\" aria-hidden=\"true\" class=\"wp-block-spacer\"><\/div>\n\n\n\n<hr class=\"wp-block-separator has-text-color has-background has-black-background-color has-black-color is-style-wide\"\/>\n\n\n\n<div style=\"height:50px\" aria-hidden=\"true\" class=\"wp-block-spacer\"><\/div>\n\n\n\n<figure class=\"wp-block-image size-large\"><img loading=\"lazy\" decoding=\"async\" width=\"1024\" height=\"494\" src=\"http:\/\/www.beindicate.pl\/home\/wp-content\/uploads\/2021\/05\/1-1024x494.png\" alt=\"\" class=\"wp-image-231\" srcset=\"http:\/\/www.beindicate.pl\/home\/wp-content\/uploads\/2021\/05\/1-1024x494.png 1024w, http:\/\/www.beindicate.pl\/home\/wp-content\/uploads\/2021\/05\/1-300x145.png 300w, http:\/\/www.beindicate.pl\/home\/wp-content\/uploads\/2021\/05\/1-768x370.png 768w, http:\/\/www.beindicate.pl\/home\/wp-content\/uploads\/2021\/05\/1.png 1400w\" sizes=\"auto, (max-width: 767px) 89vw, (max-width: 1000px) 54vw, (max-width: 1071px) 543px, 580px\" \/><\/figure>\n\n\n\n<p class=\"has-text-align-center has-small-font-size\">Portal Grup Zakupowych<\/p>\n\n\n\n<div style=\"height:50px\" aria-hidden=\"true\" class=\"wp-block-spacer\"><\/div>\n\n\n\n<hr class=\"wp-block-separator has-text-color has-background has-black-background-color has-black-color is-style-wide\"\/>\n\n\n\n<div style=\"height:50px\" aria-hidden=\"true\" class=\"wp-block-spacer\"><\/div>\n\n\n\n<div class=\"wp-block-columns is-layout-flex wp-container-core-columns-is-layout-9d6595d7 wp-block-columns-is-layout-flex\">\n<div class=\"wp-block-column is-vertically-aligned-center is-layout-flow wp-block-column-is-layout-flow\" style=\"flex-basis:100%\">\n<div class=\"wp-block-columns is-layout-flex wp-container-core-columns-is-layout-9d6595d7 wp-block-columns-is-layout-flex\">\n<div class=\"wp-block-column is-layout-flow wp-block-column-is-layout-flow\">\n<div class=\"wp-block-media-text alignwide is-stacked-on-mobile\" style=\"grid-template-columns:17% auto\"><figure class=\"wp-block-media-text__media\"><img loading=\"lazy\" decoding=\"async\" width=\"100\" height=\"100\" src=\"http:\/\/www.beindicate.pl\/home\/wp-content\/uploads\/2021\/05\/benefity.png\" alt=\"\" class=\"wp-image-188 size-full\"\/><\/figure><div class=\"wp-block-media-text__content\">\n<h3 class=\"wp-block-heading\"><strong>Korzy\u015bci<\/strong><\/h3>\n\n\n\n<p>Portal Grup Zakupowych <strong>to wiele korzy\u015bci <\/strong>dla obu stron. Pocz\u0105wszy od mo\u017cliwo\u015bci zakupu towar\u00f3w i produkt\u00f3w w konkurencyjnych, ni\u017cszych cenach, po bonus\u00f3w i rabat\u00f3w od Sprzedaj\u0105cego.<\/p>\n<\/div><\/div>\n<\/div>\n<\/div>\n<\/div>\n<\/div>\n\n\n\n<div class=\"wp-block-buttons is-content-justification-center is-layout-flex wp-block-buttons-is-layout-flex\">\n<div class=\"wp-block-button\"><a class=\"wp-block-button__link\" href=\"http:\/\/www.beindicate.pl\/home\/korzysci\/\" target=\"_blank\" rel=\"noreferrer noopener\">Sprawd\u017a<\/a><\/div>\n<\/div>\n\n\n\n<div style=\"height:50px\" aria-hidden=\"true\" class=\"wp-block-spacer\"><\/div>\n\n\n\n<hr class=\"wp-block-separator has-text-color has-background has-black-background-color has-black-color is-style-wide\"\/>\n\n\n\n<div style=\"height:50px\" aria-hidden=\"true\" class=\"wp-block-spacer\"><\/div>\n\n\n\n<div class=\"wp-block-media-text alignwide has-media-on-the-right is-stacked-on-mobile\" style=\"grid-template-columns:auto 21%\"><figure class=\"wp-block-media-text__media\"><img loading=\"lazy\" decoding=\"async\" width=\"100\" height=\"100\" src=\"http:\/\/www.beindicate.pl\/home\/wp-content\/uploads\/2021\/05\/innowacja_produktowa-1.png\" alt=\"\" class=\"wp-image-165 size-full\"\/><\/figure><div class=\"wp-block-media-text__content\">\n<h3 class=\"wp-block-heading\"><strong>Innowacje<\/strong><\/h3>\n\n\n\n<p><strong>Portal Grup Zakupowych <\/strong>to innowacyjny produkt na polskim rynku. Obecnie nie ma obecnie takiego rozwi\u0105zania, kt\u00f3re w podobny spos\u00f3b pozwala w jednym miejscu zrzesza\u0107 firmy z Grupy Zakupowej i firmy Sprzedaj\u0105cej w tak automatyczny spos\u00f3b.<\/p>\n<\/div><\/div>\n\n\n\n<div class=\"wp-block-buttons is-content-justification-center is-layout-flex wp-block-buttons-is-layout-flex\">\n<div class=\"wp-block-button\"><a class=\"wp-block-button__link\" href=\"http:\/\/www.beindicate.pl\/home\/o-nas\/\">Sprawd\u017a<\/a><\/div>\n<\/div>\n\n\n\n<div style=\"height:50px\" aria-hidden=\"true\" class=\"wp-block-spacer\"><\/div>\n\n\n\n<hr class=\"wp-block-separator has-text-color has-background has-black-background-color has-black-color is-style-wide\"\/>\n\n\n\n<div style=\"height:50px\" aria-hidden=\"true\" class=\"wp-block-spacer\"><\/div>\n\n\n\n<div class=\"wp-block-media-text alignwide is-stacked-on-mobile\" style=\"grid-template-columns:16% auto\"><figure class=\"wp-block-media-text__media\"><img loading=\"lazy\" decoding=\"async\" width=\"100\" height=\"100\" src=\"http:\/\/www.beindicate.pl\/home\/wp-content\/uploads\/2021\/05\/wszystkich.png\" alt=\"\" class=\"wp-image-194 size-full\"\/><\/figure><div class=\"wp-block-media-text__content\">\n<h3 class=\"wp-block-heading\"><strong>Dzia\u0142anie Portalu<\/strong><\/h3>\n\n\n\n<p><strong>Portal  <\/strong>to spo\u0142eczno\u015b\u0107 zrzeszaj\u0105ca Grupy Zakupwe. Do\u0142\u0105czaj\u0105c do Portalu powiniene\u015b\/a\u015b pozna\u0107 zasady jego dzia\u0142ania. Logujesz si\u0119 przez stron\u0119 internetow\u0105, bez konieczno\u015bci instalowania dodatkowej aplikacji czy oprogramowania i do\u0142\u0105czasz do spo\u0142eczno\u015bci, kt\u00f3re podobnie jak Ty, chc\u0105 kupowa\u0107 lub sprzedawa\u0107 swoje produkty.<\/p>\n<\/div><\/div>\n\n\n\n<div class=\"wp-block-buttons is-content-justification-center is-layout-flex wp-block-buttons-is-layout-flex\">\n<div class=\"wp-block-button\"><a class=\"wp-block-button__link\" href=\"http:\/\/www.beindicate.pl\/home\/jak-to-dziala\/\">Sprawd\u017a<\/a><\/div>\n<\/div>\n\n\n\n<div style=\"height:50px\" aria-hidden=\"true\" class=\"wp-block-spacer\"><\/div>\n\n\n\n<hr class=\"wp-block-separator has-text-color has-background has-black-background-color has-black-color is-style-wide\"\/>\n\n\n\n<div style=\"height:50px\" aria-hidden=\"true\" class=\"wp-block-spacer\"><\/div>\n\n\n\n<div class=\"wp-block-media-text alignwide has-media-on-the-right is-stacked-on-mobile\" style=\"grid-template-columns:auto 16%\"><figure class=\"wp-block-media-text__media\"><img loading=\"lazy\" decoding=\"async\" width=\"100\" height=\"100\" src=\"http:\/\/www.beindicate.pl\/home\/wp-content\/uploads\/2021\/05\/dla_kogo.png\" alt=\"\" class=\"wp-image-181 size-full\"\/><\/figure><div class=\"wp-block-media-text__content\">\n<h3 class=\"wp-block-heading\"><strong>Dla kogo jest Portal?<\/strong><\/h3>\n\n\n\n<p><strong><strong>Portal <\/strong><\/strong> jest przede wszystkim dla tych firm, kt\u00f3re agreguj\u0105 sw\u00f3j popyt lub dokonuj\u0105 zakupu za po\u015brednictwem jednego przedsi\u0119biorstwa, w celu osi\u0105gni\u0119cia efektu skali, silniejszej pozycji w negocjacjach z dostawcami oraz uzyskania lepszych warunk\u00f3w handlowych.<\/p>\n<\/div><\/div>\n\n\n\n<div class=\"wp-block-buttons is-content-justification-center is-layout-flex wp-block-buttons-is-layout-flex\">\n<div class=\"wp-block-button\"><a class=\"wp-block-button__link\" href=\"http:\/\/www.beindicate.pl\/home\/dla-kogo\/\">Sprawd\u017a<\/a><\/div>\n<\/div>\n\n\n\n<div style=\"height:50px\" aria-hidden=\"true\" class=\"wp-block-spacer\"><\/div>\n\n\n\n<hr class=\"wp-block-separator has-text-color has-background has-black-background-color has-black-color is-style-wide\"\/>\n\n\n\n<div style=\"height:50px\" aria-hidden=\"true\" class=\"wp-block-spacer\"><\/div>\n\n\n\n<figure class=\"wp-block-image size-large\"><img loading=\"lazy\" decoding=\"async\" width=\"1024\" height=\"111\" src=\"http:\/\/www.beindicate.pl\/home\/wp-content\/uploads\/2021\/05\/obraz-1024x111.png\" alt=\"\" class=\"wp-image-58\" srcset=\"http:\/\/www.beindicate.pl\/home\/wp-content\/uploads\/2021\/05\/obraz-1024x111.png 1024w, http:\/\/www.beindicate.pl\/home\/wp-content\/uploads\/2021\/05\/obraz-300x32.png 300w, http:\/\/www.beindicate.pl\/home\/wp-content\/uploads\/2021\/05\/obraz-768x83.png 768w, http:\/\/www.beindicate.pl\/home\/wp-content\/uploads\/2021\/05\/obraz-1536x166.png 1536w, http:\/\/www.beindicate.pl\/home\/wp-content\/uploads\/2021\/05\/obraz-2048x222.png 2048w\" sizes=\"auto, (max-width: 767px) 89vw, (max-width: 1000px) 54vw, (max-width: 1071px) 543px, 580px\" \/><\/figure>\n\n\n\n<pre class=\"wp-block-preformatted\"><strong>BEINDICATE Sp. z o. o. realizuje projekt dofinansowany z Funduszy Europejskich<\/strong>\n<strong>\u201eImplementacja innowacji technologicznej w celu pe\u0142nej automatyzacji procesu zarz\u0105dzania polityk\u0105 handlow\u0105 dla grup zakupowych, dzi\u0119ki nabyciu proinnowacyjnych us\u0142ug doradczych oraz niezb\u0119dnych do realizacji projektu warto\u015bci niematerialnych i prawnych i \u015brodk\u00f3w trwa\u0142ych\u201d<\/strong>\nCelem projektu jest dywersyfikacja dzia\u0142alno\u015bci przedsi\u0119biorstwa poprzez poszerzenie oferty zwi\u0105zanej z opracowaniem i komercyjn\u0105 sprzeda\u017c\u0105 innowacyjnego systemu informatycznego umo\u017cliwiaj\u0105cego pe\u0142n\u0105 automatyzacj\u0119 procesu zarz\u0105dzania polityk\u0105 handlow\u0105 dla grup zakupowych. \nPlanowane efekty projektu to wdro\u017cenie do oferty firmy innowacyjnego systemu IT, kt\u00f3rego zadaniem b\u0119dzie automatyzacja procesu zarz\u0105dzania polityk\u0105 handlow\u0105 w grupach zakupowych\/franczyzowych.\n<strong>Warto\u015b\u0107 projektu: <\/strong>1 457&nbsp;058,00 PLN\n<strong>Dofinansowanie projektu z UE:<\/strong> 829&nbsp;220,00 PLN <\/pre>\n\n\n\n<div style=\"height:50px\" aria-hidden=\"true\" class=\"wp-block-spacer\"><\/div>\n\n\n\n<hr class=\"wp-block-separator has-text-color has-background has-black-background-color has-black-color is-style-wide\"\/>\n\n\n\n<div class=\"wp-block-image\"><figure class=\"aligncenter is-resized\"><img loading=\"lazy\" decoding=\"async\" src=\"http:\/\/www.beindicate.pl\/home\/wp-content\/uploads\/2021\/05\/logo.png\" alt=\"\" class=\"wp-image-199\" width=\"95\" height=\"55\"\/><\/figure><\/div>\n\n\n\n<p class=\"has-text-align-center has-small-font-size\">Beindicate sp. z o.o., ul. Wojska Polskiego 16G,  41-600 \u015awi\u0119toch\u0142owice<br>e-mail: jakub.szczypa@beindicate.pl, tel. 517 402 706<\/p>\n\n\n\n<p><\/p>\n","protected":false},"excerpt":{"rendered":"<p>Portal Grup Zakupowych umo\u017cliwia firmom skorzystanie z mo\u017cliwo\u015bci wsp\u00f3lnych zakup\u00f3w, a co za tym idzie, uzyskania ni\u017cszych cen jednostkowych danych produkt\u00f3w. Ale te\u017c je\u015bli chcesz jako firma sprzedawa\u0107 swoje produkty mo\u017cesz je r\u00f3wnie\u017c wystawi\u0107 na Portalu. Portal dost\u0119pny jest z chmury, zar\u00f3wno dla kupuj\u0105cych, jak i sprzedaj\u0105cych, a to oznacza, \u017ce maj\u0105 oni zdalny dost\u0119p &hellip; <\/p>\n<p class=\"link-more\"><a href=\"http:\/\/www.beindicate.pl\/home\/\" class=\"more-link\">Czytaj dalej<span class=\"screen-reader-text\"> Portal Grup Zakupowych dla Firm<\/span><\/a><\/p>\n","protected":false},"author":1,"featured_media":0,"parent":0,"menu_order":0,"comment_status":"closed","ping_status":"closed","template":"","meta":{"footnotes":""},"class_list":["post-17","page","type-page","status-publish","hentry"],"_links":{"self":[{"href":"http:\/\/www.beindicate.pl\/home\/wp-json\/wp\/v2\/pages\/17","targetHints":{"allow":["GET"]}}],"collection":[{"href":"http:\/\/www.beindicate.pl\/home\/wp-json\/wp\/v2\/pages"}],"about":[{"href":"http:\/\/www.beindicate.pl\/home\/wp-json\/wp\/v2\/types\/page"}],"author":[{"embeddable":true,"href":"http:\/\/www.beindicate.pl\/home\/wp-json\/wp\/v2\/users\/1"}],"replies":[{"embeddable":true,"href":"http:\/\/www.beindicate.pl\/home\/wp-json\/wp\/v2\/comments?post=17"}],"version-history":[{"count":28,"href":"http:\/\/www.beindicate.pl\/home\/wp-json\/wp\/v2\/pages\/17\/revisions"}],"predecessor-version":[{"id":256,"href":"http:\/\/www.beindicate.pl\/home\/wp-json\/wp\/v2\/pages\/17\/revisions\/256"}],"wp:attachment":[{"href":"http:\/\/www.beindicate.pl\/home\/wp-json\/wp\/v2\/media?parent=17"}],"curies":[{"name":"wp","href":"https:\/\/api.w.org\/{rel}","templated":true}]}}