{"id":118,"date":"2021-05-25T16:46:19","date_gmt":"2021-05-25T16:46:19","guid":{"rendered":"http:\/\/www.beindicate.pl\/home\/?page_id=118"},"modified":"2021-05-26T16:44:53","modified_gmt":"2021-05-26T16:44:53","slug":"dla-kogo","status":"publish","type":"page","link":"http:\/\/www.beindicate.pl\/home\/dla-kogo\/","title":{"rendered":"Dla kogo?"},"content":{"rendered":"\n<div class=\"wp-block-media-text alignwide is-stacked-on-mobile\" style=\"grid-template-columns:16% auto\"><figure class=\"wp-block-media-text__media\"><img loading=\"lazy\" decoding=\"async\" width=\"100\" height=\"100\" src=\"http:\/\/www.beindicate.pl\/home\/wp-content\/uploads\/2021\/05\/dla_kogo.png\" alt=\"\" class=\"wp-image-181 size-full\"\/><\/figure><div class=\"wp-block-media-text__content\">\n<p><strong>Portal Grup Zakupowych <\/strong>jest przede wszystkim dla tych firm, kt\u00f3re agreguj\u0105 sw\u00f3j popyt lub dokonuj\u0105 zakupu za po\u015brednictwem jednego przedsi\u0119biorstwa, w celu osi\u0105gni\u0119cia efektu skali, silniejszej pozycji w negocjacjach z dostawcami oraz uzyskania lepszych warunk\u00f3w handlowych.<\/p>\n<\/div><\/div>\n\n\n\n<p>Jednym z element\u00f3w warunk\u00f3w handlowych poza rabatowaniem od cen cennikowych s\u0105 bonusy dodatkowe zale\u017cne od obrot\u00f3w Grupy i danych podmiot\u00f3w zrzeszonych.<\/p>\n\n\n\n<p>Firmy dokonuj\u0105 zakup\u00f3w produkt\u00f3w za po\u015brednictwem Portalu na podstawie zam\u00f3wie\u0144 swoich klient\u00f3w, kt\u00f3rym poza rabatami wynikaj\u0105cymi z um\u00f3w handlowych nale\u017c\u0105 si\u0119 bonusy po transakcyjne.<\/p>\n\n\n\n<p>Firmy dostarczaj\u0105 produkty na Portal, wyp\u0142acaj\u0105 bonusy oraz udzielaj\u0105 rabat\u00f3w.<\/p>\n\n\n\n<p>Firmy kupuj\u0105ce &#8211; kupuj\u0105 produkty poprzez Portal w ni\u017cszych cenach, otrzymuj\u0105 bonusy i korzystaj\u0105 z rabat\u00f3w.<\/p>\n\n\n\n<p><strong>Portal Grup Zakupowych jest dla ka\u017cdej firmy, kt\u00f3ra sprzedaje lub chce kupi\u0107 i co najwa\u017cniejsze  chce do\u0142\u0105czy\u0107 do spo\u0142eczno\u015bci Grup Zakupowych.<\/strong><\/p>\n\n\n\n<div style=\"height:50px\" aria-hidden=\"true\" class=\"wp-block-spacer\"><\/div>\n\n\n\n<figure class=\"wp-block-image size-large\"><img loading=\"lazy\" decoding=\"async\" width=\"1024\" height=\"332\" src=\"http:\/\/www.beindicate.pl\/home\/wp-content\/uploads\/2021\/05\/lista_ofert_portal-1024x332.png\" alt=\"\" class=\"wp-image-238\" srcset=\"http:\/\/www.beindicate.pl\/home\/wp-content\/uploads\/2021\/05\/lista_ofert_portal-1024x332.png 1024w, http:\/\/www.beindicate.pl\/home\/wp-content\/uploads\/2021\/05\/lista_ofert_portal-300x97.png 300w, http:\/\/www.beindicate.pl\/home\/wp-content\/uploads\/2021\/05\/lista_ofert_portal-768x249.png 768w, http:\/\/www.beindicate.pl\/home\/wp-content\/uploads\/2021\/05\/lista_ofert_portal.png 1138w\" sizes=\"auto, (max-width: 767px) 89vw, (max-width: 1000px) 54vw, (max-width: 1071px) 543px, 580px\" \/><figcaption>Widok listy ofert w Portalu Grup Zakupowych<\/figcaption><\/figure>\n\n\n\n<div style=\"height:50px\" aria-hidden=\"true\" class=\"wp-block-spacer\"><\/div>\n\n\n\n<hr class=\"wp-block-separator has-text-color has-background has-black-background-color has-black-color is-style-wide\"\/>\n\n\n\n<div style=\"height:50px\" aria-hidden=\"true\" class=\"wp-block-spacer\"><\/div>\n\n\n\n<div class=\"wp-block-image\"><figure class=\"aligncenter size-large is-resized\"><img loading=\"lazy\" decoding=\"async\" src=\"http:\/\/www.beindicate.pl\/home\/wp-content\/uploads\/2021\/05\/logo.png\" alt=\"\" class=\"wp-image-199\" width=\"85\" height=\"49\"\/><\/figure><\/div>\n\n\n\n<p class=\"has-text-align-center has-small-font-size\">Beindicate sp. z o.o., ul. Wojska Polskiego 16G, 41-600 \u015awi\u0119toch\u0142owice<br>e-mail: jakub.szczypa@beindicate.pl, tel. 517 402 706<\/p>\n","protected":false},"excerpt":{"rendered":"<p>Portal Grup Zakupowych jest przede wszystkim dla tych firm, kt\u00f3re agreguj\u0105 sw\u00f3j popyt lub dokonuj\u0105 zakupu za po\u015brednictwem jednego przedsi\u0119biorstwa, w celu osi\u0105gni\u0119cia efektu skali, silniejszej pozycji w negocjacjach z dostawcami oraz uzyskania lepszych warunk\u00f3w handlowych. Jednym z element\u00f3w warunk\u00f3w handlowych poza rabatowaniem od cen cennikowych s\u0105 bonusy dodatkowe zale\u017cne od obrot\u00f3w Grupy i danych &hellip; <\/p>\n<p class=\"link-more\"><a href=\"http:\/\/www.beindicate.pl\/home\/dla-kogo\/\" class=\"more-link\">Czytaj dalej<span class=\"screen-reader-text\"> Dla kogo?<\/span><\/a><\/p>\n","protected":false},"author":1,"featured_media":0,"parent":0,"menu_order":0,"comment_status":"closed","ping_status":"closed","template":"","meta":{"footnotes":""},"class_list":["post-118","page","type-page","status-publish","hentry"],"_links":{"self":[{"href":"http:\/\/www.beindicate.pl\/home\/wp-json\/wp\/v2\/pages\/118","targetHints":{"allow":["GET"]}}],"collection":[{"href":"http:\/\/www.beindicate.pl\/home\/wp-json\/wp\/v2\/pages"}],"about":[{"href":"http:\/\/www.beindicate.pl\/home\/wp-json\/wp\/v2\/types\/page"}],"author":[{"embeddable":true,"href":"http:\/\/www.beindicate.pl\/home\/wp-json\/wp\/v2\/users\/1"}],"replies":[{"embeddable":true,"href":"http:\/\/www.beindicate.pl\/home\/wp-json\/wp\/v2\/comments?post=118"}],"version-history":[{"count":11,"href":"http:\/\/www.beindicate.pl\/home\/wp-json\/wp\/v2\/pages\/118\/revisions"}],"predecessor-version":[{"id":240,"href":"http:\/\/www.beindicate.pl\/home\/wp-json\/wp\/v2\/pages\/118\/revisions\/240"}],"wp:attachment":[{"href":"http:\/\/www.beindicate.pl\/home\/wp-json\/wp\/v2\/media?parent=118"}],"curies":[{"name":"wp","href":"https:\/\/api.w.org\/{rel}","templated":true}]}}