{"id":115,"date":"2021-05-25T16:27:28","date_gmt":"2021-05-25T16:27:28","guid":{"rendered":"http:\/\/www.beindicate.pl\/home\/?page_id=115"},"modified":"2021-05-25T16:27:28","modified_gmt":"2021-05-25T16:27:28","slug":"polityka-prywatnosci","status":"publish","type":"page","link":"http:\/\/www.beindicate.pl\/home\/polityka-prywatnosci\/","title":{"rendered":"Polityka prywatno\u015bci"},"content":{"rendered":"\n<p>Polityka Prywatno\u015bci Beindicate sp. z o.o., z siedzib\u0105 w ul. Wojska Polskiego 16G, 41-600 \u015awi\u0119toch\u0142owice, wpisanej do rejestru przedsi\u0119biorc\u00f3w prowadzonego przez &#8230;&#8230;..<\/p>\n\n\n\n<p>Niniejsza Polityka Prywatno\u015bci dotyczy serwisu internetowego, znajduj\u0105cego si\u0119 pod adresem https:\/\/www.cfi.pl (Serwis) i okre\u015bla zasady gromadzenia, przetwarzania i ochrony danych u\u017cytkownik\u00f3w Serwisu (U\u017cytkownicy). U\u017cytkownikiem jest ka\u017cda osoba, kt\u00f3ra korzysta z Serwisu. W przypadku braku zgody na kt\u00f3rekolwiek z postanowie\u0144 niniejszej Polityki Prywatno\u015bci, nale\u017cy niezw\u0142ocznie zrezygnowa\u0107 z korzystania z Serwisu.<\/p>\n\n\n\n<p>Beindicate sp. z o.o.zastrzega sobie prawo do wprowadzania zmian w Polityce Prywatno\u015bci w dowolnym momencie, o czym U\u017cytkownicy Serwisu zostan\u0105 ka\u017cdorazowo powiadamiani za po\u015brednictwem Serwisu. U\u017cytkownika obowi\u0105zuje Polityka Prywatno\u015bci w brzmieniu obowi\u0105zuj\u0105cym w chwili korzystania z Serwisu. W przypadku braku akceptacji zmian Polityki Prywatno\u015bci U\u017cytkownik zobowi\u0105zany jest do zaprzestania korzystania z Serwisu.<\/p>\n\n\n\n<h3 class=\"wp-block-heading\">Informacje og\u00f3lne<\/h3>\n\n\n\n<p>Operatorem Serwisu jest Beindicate sp. z o.o.<\/p>\n\n\n\n<ol class=\"wp-block-list\"><li>Serwis nie zbiera w spos\u00f3b automatyczny \u017cadnych informacji, z wyj\u0105tkiem informacji zawartych w plikach cookies i logach serwera. Beindicate sp. z o.o.gromadzi informacje i dane, w tym dane osobowe U\u017cytkownik\u00f3w (dalej \u0142\u0105cznie: Dane) i przetwarza je wy\u0142\u0105cznie w celach zwi\u0105zanych z prowadzon\u0105 dzia\u0142alno\u015bci\u0105 gospodarcz\u0105.<\/li><li>Korzystanie z Serwisu i podawanie Danych przez U\u017cytkownik\u00f3w jest w pe\u0142ni dobrowolne i jest r\u00f3wnoznaczne z udzieleniem zgody danego U\u017cytkownika na ich przetwarzanie przez Beindicate sp. z o.o.<\/li><li>W odniesieniu do Danych stanowi\u0105cych dane osobowe (Dane Osobowe), Beindicate sp. z o.o. pe\u0142ni funkcj\u0119 administratora danych osobowych w rozumieniu ustawy z dnia 29 sierpnia 1997 r. o ochronie danych osobowych.<\/li><li>Dane Osobowe s\u0105 przetwarzane i zabezpieczone zgodnie z ustalonymi prawem zasadami, w tym w szczeg\u00f3lno\u015bci zgodnie z: ustaw\u0105 z dnia 29 sierpnia 1997 r. o ochronie danych osobowych (tekst jednolity Dz. U. Nr 101 z 2002 r. poz. 926, z p\u00f3\u017an. zm.),<br>\u2022 ustaw\u0105 z dnia 18 lipca 2002 r. o \u015bwiadczeniu us\u0142ug drog\u0105 elektroniczn\u0105 (Dz. U. Nr 144, poz. 1204 z po\u017an. zm.),<br>\u2022 rozporz\u0105dzeniem z dnia 29 kwietnia 2004 r. Ministra Spraw Wewn\u0119trznych i Administracji w sprawie dokumentacji przetwarzania danych osobowych oraz warunk\u00f3w technicznych<br>i organizacyjnych, jakim powinny odpowiada\u0107 urz\u0105dzenia i systemy informatyczne, s\u0142u\u017c\u0105ce do przetwarzania danych osobowych (Dz. U. Nr 100, poz.1024).<\/li><li>Beindicate sp. z o.o. zapewnia ka\u017cdemu U\u017cytkownikowi dost\u0119p do informacji dotycz\u0105cej jego w\u0142asnych Danych Osobowych, w tym do ich modyfikacji, poprawiania lub \u017c\u0105dania ich usuni\u0119cia.<\/li><li>Dane udost\u0119pniane Beindicate sp. z o.o.mog\u0105 by\u0107 wykorzystywane przez Beindicate sp. z o.o.zgodnie z przepisami prawa, do cel\u00f3w zwi\u0105zanych z prowadzon\u0105 przez Beindicate sp. z o.o. dzia\u0142alno\u015bci\u0105 gospodarcz\u0105, w tym:<br>\u2022 celu \u015bwiadczenia przez Beindicate sp. z o.o.us\u0142ug na rzecz U\u017cytkownik\u00f3w,<br>\u2022 w celach informacyjnych, statystycznych oraz handlowych i marketingowych,<br>\u2022 w celu zarz\u0105dzania i rozwoju relacji z U\u017cytkownikiem,<br>\u2022 w celach rekrutacyjnych.<br>Przez dzia\u0142ania takie nale\u017cy r\u00f3wnie\u017c rozumie\u0107 uprawnienie Beindicate sp. z o.o. do przesy\u0142ania U\u017cytkownikowi informacji handlowych, produktowych, marketingowych i ofert oraz innych informacji (np. zwi\u0105zanych z prowadzonym post\u0119powaniem rekrutacyjnym), zwi\u0105zanych bezpo\u015brednio lub po\u015brednio, z prowadzon\u0105 przez Beindicate sp. z o.o.. dzia\u0142alno\u015bci\u0105 gospodarcz\u0105, w tym droga elektroniczn\u0105 z wykorzystaniem telekomunikacyjnych urz\u0105dze\u0144 ko\u0144cowych i automatycznych system\u00f3w wywo\u0142uj\u0105cych.<\/li><li>Serwis realizuje funkcje pozyskiwania Danych o U\u017cytkownikach i ich dzia\u0142aniach w nast\u0119puj\u0105cy spos\u00f3b:<br>\u2022 poprzez dobrowolnie wype\u0142nienie przez U\u017cytkownika stosownego formularza,<br>\u2022 poprzez zapisywane w urz\u0105dzeniach ko\u0144cowych U\u017cytkownika pliki cookie (tzw. \u201eciasteczka\u201d),<br>\u2022 poprzez gromadzenie log\u00f3w serwera www przez operatora hostingowego.<\/li><\/ol>\n\n\n\n<h3 class=\"wp-block-heading\">Pliki cookies<\/h3>\n\n\n\n<p>Niniejsza Polityka Prywatno\u015bci w zakresie polityki cookies chroniona jest prawem autorskim, kt\u00f3re przys\u0142uguj\u0105 IAB Polska. Wz\u00f3r dost\u0119pny jest na stronie http:\/\/wszystkoociasteczkach.pl\/.<\/p>\n\n\n\n<ol class=\"wp-block-list\"><li>Serwis korzysta z plik\u00f3w cookies.<\/li><li>Pliki cookies (tzw. \u201eciasteczka\u201d) stanowi\u0105 dane informatyczne, w szczeg\u00f3lno\u015bci pliki tekstowe, kt\u00f3re przechowywane s\u0105 w urz\u0105dzeniu ko\u0144cowym U\u017cytkownika i przeznaczone s\u0105 do korzystania z cookies zazwyczaj zawieraj\u0105 nazw\u0119 strony internetowej, z kt\u00f3rej pochodz\u0105, czas przechowywania ich na urz\u0105dzeniu ko\u0144cowym oraz unikalny numer. Pliki cookies u\u0142atwiaj\u0105 mi\u0119dzy innymi rozwijanie Serwisu zgodnie z oczekiwaniami i potrzebami U\u017cytkownik\u00f3w.<\/li><li>Podmiotem zamieszczaj\u0105cym na urz\u0105dzeniu ko\u0144cowym U\u017cytkownika pliki cookies oraz uzyskuj\u0105cym do nich dost\u0119p jest Beindicate sp. z o.o.<\/li><li>Pliki cookies wykorzystywane s\u0105 w celu tworzenia statystyk, kt\u00f3re pomagaj\u0105 zrozumie\u0107, w jaki spos\u00f3b U\u017cytkownicy korzystaj\u0105 z Serwisu, co umo\u017cliwia ulepszanie jego struktury i zawarto\u015bci.<\/li><li>W ramach Serwisu stosowane s\u0105 dwa zasadnicze rodzaje plik\u00f3w cookies: \u201esesyjne\u201d (session cookies) oraz \u201esta\u0142e\u201d (persistent cookies). Cookies \u201esesyjne\u201d s\u0105 plikami tymczasowymi, kt\u00f3re przechowywane s\u0105 w urz\u0105dzeniu ko\u0144cowym U\u017cytkownika do czasu wylogowania, opuszczenia strony internetowej lub wy\u0142\u0105czenia oprogramowania (przegl\u0105darki internetowej). \u201eSta\u0142e\u201d pliki cookies przechowywane s\u0105 w urz\u0105dzeniu ko\u0144cowym U\u017cytkownika przez czas okre\u015blony w parametrach plik\u00f3w cookies lub do czasu ich usuni\u0119cia przez U\u017cytkownika.<\/li><li>Pliki cookies nie zawieraj\u0105 danych identyfikuj\u0105cych to\u017csamo\u015b\u0107 U\u017cytkownika. Nie s\u0105 r\u00f3wnie\u017c szkodliwe dla urz\u0105dzenia, z kt\u00f3rego korzysta, jak te\u017c nie zmieniaj\u0105 jego ustawie\u0144 oraz ustawie\u0144 zainstalowanego na nim oprogramowania. Zawarto\u015b\u0107 plik\u00f3w cookies mo\u017ce odczyta\u0107 jedynie serwer, kt\u00f3ry je utworzy\u0142.<\/li><li>Przegl\u0105darka internetowa zazwyczaj domy\u015blnie dopuszcza przechowywanie plik\u00f3w cookies w urz\u0105dzeniu ko\u0144cowym U\u017cytkownika. U\u017cytkownicy mog\u0105 dokona\u0107 zmiany ustawie\u0144 w tym zakresie. Mo\u017cliwe jest automatyczne blokowanie plik\u00f3w cookies. Przegl\u0105darka internetowa umo\u017cliwia usuwanie plik\u00f3w cookies. Szczeg\u00f3\u0142owe informacje na ten temat zawiera pomoc lub dokumentacja przegl\u0105darki internetowej.<\/li><li>U\u017cytkownik mo\u017ce zmieni\u0107 ustawienia swojej przegl\u0105darki w zakresie plik\u00f3w cookies. Wy\u0142\u0105czenie obs\u0142ugi plik\u00f3w cookies niezb\u0119dnych dla proces\u00f3w uwierzytelniania, bezpiecze\u0144stwa, utrzymania preferencji U\u017cytkownika mo\u017ce utrudni\u0107, a nawet uniemo\u017cliwi\u0107 korzystanie z Serwisu.<\/li><li>Pliki cookies zamieszczane w urz\u0105dzeniu ko\u0144cowym U\u017cytkownika mog\u0105 by\u0107 wykorzystywane przez wsp\u00f3\u0142pracuj\u0105cych z Beindicate sp. z o.o. partner\u00f3w. Zalecamy przeczytanie Polityki Prywatno\u015bci tych firm, aby pozna\u0107 zasady korzystania z plik\u00f3w cookie, w tym wykorzystywania w statystykach: Polityka ochrony prywatno\u015bci Google Analytics.<\/li><li>Pliki cookies mog\u0105 by\u0107 wykorzystane przez sieci reklamowe, w szczeg\u00f3lno\u015bci sie\u0107 Google, do wy\u015bwietlenia reklam dopasowanych do sposobu, w jaki U\u017cytkownik korzysta z Serwisu. W tym celu mog\u0105 zachowa\u0107 informacj\u0119 o \u015bcie\u017cce nawigacji U\u017cytkownika lub czasie pozostawania na danej stronie.<\/li><li>W zakresie informacji o preferencjach U\u017cytkownika gromadzonych przez sie\u0107 reklamow\u0105 Google u\u017cytkownik mo\u017ce przegl\u0105da\u0107 i edytowa\u0107 informacje wynikaj\u0105ce z plik\u00f3w cookies przy pomocy narz\u0119dzia: https:\/\/www.google.com\/settings\/ads<\/li><\/ol>\n\n\n\n<h3 class=\"wp-block-heading\">Logi serwera<\/h3>\n\n\n\n<ol class=\"wp-block-list\"><li>Informacje o niekt\u00f3rych zachowaniach U\u017cytkownik\u00f3w podlegaj\u0105 logowaniu w warstwie serwerowej. Dane te s\u0105 wykorzystywane wy\u0142\u0105cznie w celu administrowania Serwisem oraz w celu zapewnienia jak najbardziej sprawnej obs\u0142ugi \u015bwiadczonych us\u0142ug hostingowych.<\/li><li>Przegl\u0105dane zasoby identyfikowane s\u0105 poprzez adresy URL. Zapisowi mog\u0105 podlega\u0107:<br>\u2022 czas nadej\u015bcia zapytania,<br>\u2022 czas wys\u0142ania odpowiedzi,<br>\u2022 nazw\u0119 stacji U\u017cytkownika \u2013 identyfikacja realizowana przez protok\u00f3\u0142 HTTP,<br>\u2022 informacje o b\u0142\u0119dach jakie nast\u0105pi\u0142y przy realizacji transakcji HTTP,<br>\u2022 adres URL strony poprzednio odwiedzanej przez U\u017cytkownika (referer link) \u2013 w przypadku gdy przej\u015bcie do Serwisu nast\u0105pi\u0142o przez odno\u015bnik,<br>\u2022 informacje o przegl\u0105darce U\u017cytkownika,<br>\u2022 informacje o adresie IP.<\/li><li>Dane powy\u017csze nie s\u0105 kojarzone z konkretnymi U\u017cytkownikami.<\/li><li>Dane powy\u017csze s\u0105 wykorzystywane jedynie dla cel\u00f3w administrowania serwerem.<\/li><\/ol>\n","protected":false},"excerpt":{"rendered":"<p>Polityka Prywatno\u015bci Beindicate sp. z o.o., z siedzib\u0105 w ul. Wojska Polskiego 16G, 41-600 \u015awi\u0119toch\u0142owice, wpisanej do rejestru przedsi\u0119biorc\u00f3w prowadzonego przez &#8230;&#8230;.. Niniejsza Polityka Prywatno\u015bci dotyczy serwisu internetowego, znajduj\u0105cego si\u0119 pod adresem https:\/\/www.cfi.pl (Serwis) i okre\u015bla zasady gromadzenia, przetwarzania i ochrony danych u\u017cytkownik\u00f3w Serwisu (U\u017cytkownicy). U\u017cytkownikiem jest ka\u017cda osoba, kt\u00f3ra korzysta z Serwisu. W przypadku &hellip; <\/p>\n<p class=\"link-more\"><a href=\"http:\/\/www.beindicate.pl\/home\/polityka-prywatnosci\/\" class=\"more-link\">Czytaj dalej<span class=\"screen-reader-text\"> Polityka prywatno\u015bci<\/span><\/a><\/p>\n","protected":false},"author":1,"featured_media":0,"parent":0,"menu_order":0,"comment_status":"closed","ping_status":"closed","template":"","meta":{"footnotes":""},"class_list":["post-115","page","type-page","status-publish","hentry"],"_links":{"self":[{"href":"http:\/\/www.beindicate.pl\/home\/wp-json\/wp\/v2\/pages\/115","targetHints":{"allow":["GET"]}}],"collection":[{"href":"http:\/\/www.beindicate.pl\/home\/wp-json\/wp\/v2\/pages"}],"about":[{"href":"http:\/\/www.beindicate.pl\/home\/wp-json\/wp\/v2\/types\/page"}],"author":[{"embeddable":true,"href":"http:\/\/www.beindicate.pl\/home\/wp-json\/wp\/v2\/users\/1"}],"replies":[{"embeddable":true,"href":"http:\/\/www.beindicate.pl\/home\/wp-json\/wp\/v2\/comments?post=115"}],"version-history":[{"count":1,"href":"http:\/\/www.beindicate.pl\/home\/wp-json\/wp\/v2\/pages\/115\/revisions"}],"predecessor-version":[{"id":116,"href":"http:\/\/www.beindicate.pl\/home\/wp-json\/wp\/v2\/pages\/115\/revisions\/116"}],"wp:attachment":[{"href":"http:\/\/www.beindicate.pl\/home\/wp-json\/wp\/v2\/media?parent=115"}],"curies":[{"name":"wp","href":"https:\/\/api.w.org\/{rel}","templated":true}]}}